{"id":808,"date":"2017-04-15T15:17:59","date_gmt":"2017-04-15T15:17:59","guid":{"rendered":"https:\/\/crits.wpenginepowered.com\/atelier\/projets-heberges-partenaires"},"modified":"2019-02-11T12:00:45","modified_gmt":"2019-02-11T17:00:45","slug":"hosted-projects","status":"publish","type":"page","link":"https:\/\/crits.ustpaul.ca\/en\/hosted-projects","title":{"rendered":"Hosted Projects"},"content":{"rendered":"","protected":false},"excerpt":{"rendered":"","protected":false},"author":1,"featured_media":810,"parent":0,"menu_order":49,"comment_status":"closed","ping_status":"closed","template":"template-projects.php","meta":{"_acf_changed":false,"_monsterinsights_skip_tracking":false,"_monsterinsights_sitenote_active":false,"_monsterinsights_sitenote_note":"","_monsterinsights_sitenote_category":0,"footnotes":""},"class_list":["post-808","page","type-page","status-publish","has-post-thumbnail","hentry"],"acf":[],"yoast_head":"<!-- This site is optimized with the Yoast SEO plugin v27.5 - https:\/\/yoast.com\/product\/yoast-seo-wordpress\/ -->\n<title>Hosted Projects &#8212; \u00c9cole d&#039;innovation sociale \u00c9lisabeth Bruy\u00e8re<\/title>\n<meta name=\"robots\" content=\"index, follow, max-snippet:-1, max-image-preview:large, max-video-preview:-1\" \/>\n<link rel=\"canonical\" href=\"https:\/\/crits.ustpaul.ca\/projets-heberges\" \/>\n<meta property=\"og:locale\" content=\"en_US\" \/>\n<meta property=\"og:type\" content=\"article\" \/>\n<meta property=\"og:title\" content=\"Hosted Projects &#8212; \u00c9cole d&#039;innovation sociale \u00c9lisabeth Bruy\u00e8re\" \/>\n<meta property=\"og:url\" content=\"https:\/\/crits.ustpaul.ca\/projets-heberges\" \/>\n<meta property=\"og:site_name\" content=\"\u00c9cole d&#039;innovation sociale \u00c9lisabeth Bruy\u00e8re\" \/>\n<meta property=\"article:publisher\" content=\"https:\/\/www.facebook.com\/innovationsocialeusp\/\" \/>\n<meta property=\"article:modified_time\" content=\"2019-02-11T17:00:45+00:00\" \/>\n<meta property=\"og:image\" content=\"https:\/\/crits.ustpaul.ca\/wp-content\/uploads\/2017\/04\/bench-accounting-49908.jpg\" \/>\n\t<meta property=\"og:image:width\" content=\"3500\" \/>\n\t<meta property=\"og:image:height\" content=\"2338\" \/>\n\t<meta property=\"og:image:type\" content=\"image\/jpeg\" \/>\n<meta name=\"twitter:card\" content=\"summary_large_image\" \/>\n<script type=\"application\/ld+json\" class=\"yoast-schema-graph\">{\"@context\":\"https:\\\/\\\/schema.org\",\"@graph\":[{\"@type\":\"WebPage\",\"@id\":\"https:\\\/\\\/crits.ustpaul.ca\\\/projets-heberges\",\"url\":\"https:\\\/\\\/crits.ustpaul.ca\\\/projets-heberges\",\"name\":\"Hosted Projects &#8212; \u00c9cole d&#039;innovation sociale \u00c9lisabeth Bruy\u00e8re\",\"isPartOf\":{\"@id\":\"https:\\\/\\\/crits.ustpaul.ca\\\/#website\"},\"primaryImageOfPage\":{\"@id\":\"https:\\\/\\\/crits.ustpaul.ca\\\/projets-heberges#primaryimage\"},\"image\":{\"@id\":\"https:\\\/\\\/crits.ustpaul.ca\\\/projets-heberges#primaryimage\"},\"thumbnailUrl\":\"https:\\\/\\\/crits.ustpaul.ca\\\/wp-content\\\/uploads\\\/2017\\\/04\\\/bench-accounting-49908.jpg\",\"datePublished\":\"2017-04-15T15:17:59+00:00\",\"dateModified\":\"2019-02-11T17:00:45+00:00\",\"breadcrumb\":{\"@id\":\"https:\\\/\\\/crits.ustpaul.ca\\\/projets-heberges#breadcrumb\"},\"inLanguage\":\"en-US\",\"potentialAction\":[{\"@type\":\"ReadAction\",\"target\":[\"https:\\\/\\\/crits.ustpaul.ca\\\/projets-heberges\"]}]},{\"@type\":\"ImageObject\",\"inLanguage\":\"en-US\",\"@id\":\"https:\\\/\\\/crits.ustpaul.ca\\\/projets-heberges#primaryimage\",\"url\":\"https:\\\/\\\/crits.ustpaul.ca\\\/wp-content\\\/uploads\\\/2017\\\/04\\\/bench-accounting-49908.jpg\",\"contentUrl\":\"https:\\\/\\\/crits.ustpaul.ca\\\/wp-content\\\/uploads\\\/2017\\\/04\\\/bench-accounting-49908.jpg\",\"width\":3500,\"height\":2338},{\"@type\":\"BreadcrumbList\",\"@id\":\"https:\\\/\\\/crits.ustpaul.ca\\\/projets-heberges#breadcrumb\",\"itemListElement\":[{\"@type\":\"ListItem\",\"position\":1,\"name\":\"Home\",\"item\":\"https:\\\/\\\/crits.ustpaul.ca\\\/en\"},{\"@type\":\"ListItem\",\"position\":2,\"name\":\"Hosted Projects\"}]},{\"@type\":\"WebSite\",\"@id\":\"https:\\\/\\\/crits.ustpaul.ca\\\/#website\",\"url\":\"https:\\\/\\\/crits.ustpaul.ca\\\/\",\"name\":\"\u00c9cole d&#039;innovation sociale \u00c9lisabeth Bruy\u00e8re\",\"description\":\"\",\"publisher\":{\"@id\":\"https:\\\/\\\/crits.ustpaul.ca\\\/#organization\"},\"potentialAction\":[{\"@type\":\"SearchAction\",\"target\":{\"@type\":\"EntryPoint\",\"urlTemplate\":\"https:\\\/\\\/crits.ustpaul.ca\\\/?s={search_term_string}\"},\"query-input\":{\"@type\":\"PropertyValueSpecification\",\"valueRequired\":true,\"valueName\":\"search_term_string\"}}],\"inLanguage\":\"en-US\"},{\"@type\":\"Organization\",\"@id\":\"https:\\\/\\\/crits.ustpaul.ca\\\/#organization\",\"name\":\"\u00c9cole d'innovation sociale \u00c9lisabeth-Bruy\u00e8re\",\"url\":\"https:\\\/\\\/crits.ustpaul.ca\\\/\",\"logo\":{\"@type\":\"ImageObject\",\"inLanguage\":\"en-US\",\"@id\":\"https:\\\/\\\/crits.ustpaul.ca\\\/#\\\/schema\\\/logo\\\/image\\\/\",\"url\":\"https:\\\/\\\/crits.wpenginepowered.com\\\/wp-content\\\/uploads\\\/2017\\\/04\\\/ecole.jpg\",\"contentUrl\":\"https:\\\/\\\/crits.wpenginepowered.com\\\/wp-content\\\/uploads\\\/2017\\\/04\\\/ecole.jpg\",\"width\":2560,\"height\":793,\"caption\":\"\u00c9cole d'innovation sociale \u00c9lisabeth-Bruy\u00e8re\"},\"image\":{\"@id\":\"https:\\\/\\\/crits.ustpaul.ca\\\/#\\\/schema\\\/logo\\\/image\\\/\"},\"sameAs\":[\"https:\\\/\\\/www.facebook.com\\\/innovationsocialeusp\\\/\",\"https:\\\/\\\/www.instagram.com\\\/innovationsocialeusp\"]}]}<\/script>\n<!-- \/ Yoast SEO plugin. -->","yoast_head_json":{"title":"Hosted Projects &#8212; \u00c9cole d&#039;innovation sociale \u00c9lisabeth Bruy\u00e8re","robots":{"index":"index","follow":"follow","max-snippet":"max-snippet:-1","max-image-preview":"max-image-preview:large","max-video-preview":"max-video-preview:-1"},"canonical":"https:\/\/crits.ustpaul.ca\/projets-heberges","og_locale":"en_US","og_type":"article","og_title":"Hosted Projects &#8212; \u00c9cole d&#039;innovation sociale \u00c9lisabeth Bruy\u00e8re","og_url":"https:\/\/crits.ustpaul.ca\/projets-heberges","og_site_name":"\u00c9cole d&#039;innovation sociale \u00c9lisabeth Bruy\u00e8re","article_publisher":"https:\/\/www.facebook.com\/innovationsocialeusp\/","article_modified_time":"2019-02-11T17:00:45+00:00","og_image":[{"width":3500,"height":2338,"url":"https:\/\/crits.ustpaul.ca\/wp-content\/uploads\/2017\/04\/bench-accounting-49908.jpg","type":"image\/jpeg"}],"twitter_card":"summary_large_image","schema":{"@context":"https:\/\/schema.org","@graph":[{"@type":"WebPage","@id":"https:\/\/crits.ustpaul.ca\/projets-heberges","url":"https:\/\/crits.ustpaul.ca\/projets-heberges","name":"Hosted Projects &#8212; \u00c9cole d&#039;innovation sociale \u00c9lisabeth Bruy\u00e8re","isPartOf":{"@id":"https:\/\/crits.ustpaul.ca\/#website"},"primaryImageOfPage":{"@id":"https:\/\/crits.ustpaul.ca\/projets-heberges#primaryimage"},"image":{"@id":"https:\/\/crits.ustpaul.ca\/projets-heberges#primaryimage"},"thumbnailUrl":"https:\/\/crits.ustpaul.ca\/wp-content\/uploads\/2017\/04\/bench-accounting-49908.jpg","datePublished":"2017-04-15T15:17:59+00:00","dateModified":"2019-02-11T17:00:45+00:00","breadcrumb":{"@id":"https:\/\/crits.ustpaul.ca\/projets-heberges#breadcrumb"},"inLanguage":"en-US","potentialAction":[{"@type":"ReadAction","target":["https:\/\/crits.ustpaul.ca\/projets-heberges"]}]},{"@type":"ImageObject","inLanguage":"en-US","@id":"https:\/\/crits.ustpaul.ca\/projets-heberges#primaryimage","url":"https:\/\/crits.ustpaul.ca\/wp-content\/uploads\/2017\/04\/bench-accounting-49908.jpg","contentUrl":"https:\/\/crits.ustpaul.ca\/wp-content\/uploads\/2017\/04\/bench-accounting-49908.jpg","width":3500,"height":2338},{"@type":"BreadcrumbList","@id":"https:\/\/crits.ustpaul.ca\/projets-heberges#breadcrumb","itemListElement":[{"@type":"ListItem","position":1,"name":"Home","item":"https:\/\/crits.ustpaul.ca\/en"},{"@type":"ListItem","position":2,"name":"Hosted Projects"}]},{"@type":"WebSite","@id":"https:\/\/crits.ustpaul.ca\/#website","url":"https:\/\/crits.ustpaul.ca\/","name":"\u00c9cole d&#039;innovation sociale \u00c9lisabeth Bruy\u00e8re","description":"","publisher":{"@id":"https:\/\/crits.ustpaul.ca\/#organization"},"potentialAction":[{"@type":"SearchAction","target":{"@type":"EntryPoint","urlTemplate":"https:\/\/crits.ustpaul.ca\/?s={search_term_string}"},"query-input":{"@type":"PropertyValueSpecification","valueRequired":true,"valueName":"search_term_string"}}],"inLanguage":"en-US"},{"@type":"Organization","@id":"https:\/\/crits.ustpaul.ca\/#organization","name":"\u00c9cole d'innovation sociale \u00c9lisabeth-Bruy\u00e8re","url":"https:\/\/crits.ustpaul.ca\/","logo":{"@type":"ImageObject","inLanguage":"en-US","@id":"https:\/\/crits.ustpaul.ca\/#\/schema\/logo\/image\/","url":"https:\/\/crits.wpenginepowered.com\/wp-content\/uploads\/2017\/04\/ecole.jpg","contentUrl":"https:\/\/crits.wpenginepowered.com\/wp-content\/uploads\/2017\/04\/ecole.jpg","width":2560,"height":793,"caption":"\u00c9cole d'innovation sociale \u00c9lisabeth-Bruy\u00e8re"},"image":{"@id":"https:\/\/crits.ustpaul.ca\/#\/schema\/logo\/image\/"},"sameAs":["https:\/\/www.facebook.com\/innovationsocialeusp\/","https:\/\/www.instagram.com\/innovationsocialeusp"]}]}},"_links":{"self":[{"href":"https:\/\/crits.ustpaul.ca\/en\/wp-json\/wp\/v2\/pages\/808","targetHints":{"allow":["GET"]}}],"collection":[{"href":"https:\/\/crits.ustpaul.ca\/en\/wp-json\/wp\/v2\/pages"}],"about":[{"href":"https:\/\/crits.ustpaul.ca\/en\/wp-json\/wp\/v2\/types\/page"}],"author":[{"embeddable":true,"href":"https:\/\/crits.ustpaul.ca\/en\/wp-json\/wp\/v2\/users\/1"}],"replies":[{"embeddable":true,"href":"https:\/\/crits.ustpaul.ca\/en\/wp-json\/wp\/v2\/comments?post=808"}],"version-history":[{"count":0,"href":"https:\/\/crits.ustpaul.ca\/en\/wp-json\/wp\/v2\/pages\/808\/revisions"}],"wp:featuredmedia":[{"embeddable":true,"href":"https:\/\/crits.ustpaul.ca\/en\/wp-json\/wp\/v2\/media\/810"}],"wp:attachment":[{"href":"https:\/\/crits.ustpaul.ca\/en\/wp-json\/wp\/v2\/media?parent=808"}],"curies":[{"name":"wp","href":"https:\/\/api.w.org\/{rel}","templated":true}]}}